{"id":10,"date":"2024-02-08T15:33:37","date_gmt":"2024-02-08T14:33:37","guid":{"rendered":"https:\/\/fondationlambertdarchis.com\/?page_id=10"},"modified":"2024-05-24T11:24:20","modified_gmt":"2024-05-24T09:24:20","slug":"presentation","status":"publish","type":"page","link":"https:\/\/fondationlambertdarchis.com\/?page_id=10","title":{"rendered":"Pr\u00e9sentation"},"content":{"rendered":"\t\t<div data-elementor-type=\"wp-page\" data-elementor-id=\"10\" class=\"elementor elementor-10\">\n\t\t\t\t<div class=\"elementor-element elementor-element-74e28ba e-flex e-con-boxed wpr-particle-no wpr-jarallax-no wpr-parallax-no wpr-sticky-section-no e-con e-parent\" data-id=\"74e28ba\" data-element_type=\"container\" data-settings=\"{&quot;content_width&quot;:&quot;boxed&quot;}\" data-core-v316-plus=\"true\">\n\t\t\t\t\t<div class=\"e-con-inner\">\n\t\t\t\t<div class=\"elementor-element elementor-element-2479ad6 elementor-widget elementor-widget-text-editor\" data-id=\"2479ad6\" data-element_type=\"widget\" data-widget_type=\"text-editor.default\">\n\t\t\t\t<div class=\"elementor-widget-container\">\n\t\t\t<style>\/*! elementor - v3.19.0 - 07-02-2024 *\/\n.elementor-widget-text-editor.elementor-drop-cap-view-stacked .elementor-drop-cap{background-color:#69727d;color:#fff}.elementor-widget-text-editor.elementor-drop-cap-view-framed .elementor-drop-cap{color:#69727d;border:3px solid;background-color:transparent}.elementor-widget-text-editor:not(.elementor-drop-cap-view-default) .elementor-drop-cap{margin-top:8px}.elementor-widget-text-editor:not(.elementor-drop-cap-view-default) .elementor-drop-cap-letter{width:1em;height:1em}.elementor-widget-text-editor .elementor-drop-cap{float:left;text-align:center;line-height:1;font-size:50px}.elementor-widget-text-editor .elementor-drop-cap-letter{display:inline-block}<\/style>\t\t\t\t<div><p>La Fondation Lambert Darchis est une institution li\u00e9geoise dont le si\u00e8ge est \u00e0 Rome. Nous la devons \u00e0 la g\u00e9n\u00e9rosit\u00e9 de Lambert Darchis, n\u00e9 \u00e0 Li\u00e8ge et y baptis\u00e9 le 31 juillet 1625. En 1646, Darchis part pour Rome et se met au service de la Curie Pontificale o\u00f9 il fait une carri\u00e8re longue et lucrative. Sans doute marqu\u00e9 par les conditions difficiles rencontr\u00e9es par les \u00e9trangers pour s\u2019y loger, il institue par testament, en 1696, une fondation visant \u00e0 organiser l\u2019accueil de ses compatriotes.\u00a0<\/p><p>Lambert Darchis d\u00e9c\u00e8de en 1699 et est enterr\u00e9 \u00e0 Rome, dans l\u2019\u00e9glise Santa Maria dell\u2019Anima, \u00e9glise nationale du saint Empire romain de la nation germanique, duquel faisait partie la principaut\u00e9 de Li\u00e8ge.<\/p><p>C\u2019est l\u2019origine de la Fondation Lambert Darchis, qui tient compte des volont\u00e9s exprim\u00e9es par le donateur : les boursiers doivent provenir du dioc\u00e8se de Li\u00e8ge.\u00a0<\/p><p>D\u00e8s son d\u00e9c\u00e8s, les ex\u00e9cuteurs testamentaires r\u00e9alisent la mission qui leur est confi\u00e9e, font l\u2019acquisition d\u2019une maison Via Monte d\u2019Oro en vue d\u2019y accueillir de jeunes Li\u00e9geois venus \u00e0 Rome pour un p\u00e8lerinage ou pour y entreprendre une formation. Cet immeuble, appel\u00e9 d\u2019abord \u201chospice\u201d devient le Coll\u00e8ge Darchis en 1711, avec un r\u00e8glement pr\u00e9cis. Les boursiers sont admis pour 5 ans ; le logement et la nourriture leur sont assur\u00e9s. Et d\u00e9j\u00e0 les traits essentiels de cette fondation sont bien marqu\u00e9s : sa destination charitable, son affectation \u00a0aux Li\u00e9geois et son administration autonome, assur\u00e9e b\u00e9n\u00e9volement par les proviseurs.<\/p><p>Pendant la p\u00e9riode r\u00e9volutionnaire du d\u00e9but du XIXe si\u00e8cle, le Coll\u00e8ge est ferm\u00e9 ; mais dix-sept pensionnaires h\u00e9berg\u00e9s par la fondation \u00a0sont aid\u00e9s entre 1799 et 1840. Un nouveau r\u00e8glement du Coll\u00e8ge est mis au point en 1851, qui pr\u00e9cise, en son article 16, qu\u2019il y aura partage \u00e9gal des bourses d\u2019\u00e9tudes entre les artistes et les \u00e9l\u00e8ves en th\u00e9ologie. En 2008, afin de promouvoir plus largement son objet social, la Fondation Lambert Darchis d\u00e9cide de s\u2019ouvrir \u00e9galement aux \u00e9tudiants la\u00efcs du dioc\u00e8se de Li\u00e8ge qui effectuent \u00a0des \u00e9tudes en sciences religieuses, soit dans le cadre de l\u2019Institut sup\u00e9rieur de Cat\u00e9ch\u00e8se et de Pastorale, soit dans le cadre de la Facult\u00e9 de th\u00e9ologie de l\u2019Universit\u00e9 catholique de Louvain.\u00a0<\/p><p>Aujourd\u2019hui encore, la Fondation pers\u00e9v\u00e8re dans cette tradition. En effet, quand ses ressources le permettent, la Fondation offre chaque ann\u00e9e une ou plusieurs bourses d\u2019\u00e9tude permettant \u00e0 des jeunes de perfectionner leurs connaissances ou leur art \u00e0 Rome.<\/p><p>Parmi les b\u00e9n\u00e9ficiaires, on trouve les noms de personnalit\u00e9s de tr\u00e8s grand renom en Belgique et m\u00eame \u00e0 l\u2019\u00e9tranger, tels que le musicien Gr\u00e9try, les artistes Defrance, Closson, Philippet, Heintz, plusieurs \u00e9v\u00eaques de Li\u00e8ge, l\u2019Abb\u00e9 Pottier, pionnier de la d\u00e9mocratie chr\u00e9tienne, et tant d\u2019autres&#8230;<\/p><p>Pour financer aujourd\u2019hui son activit\u00e9, la Fondation exploite l\u2019immeuble de la Via Monte d\u2019Oro \u00e0 quelques centaines de m\u00e8tres du tombeau d\u2019Auguste ; c\u2019est l\u2019essentiel de son capital. Et on retrouve sur l\u2019une des fa\u00e7ades de cet immeuble une inscription surmont\u00e9e du perron li\u00e9geois.\u00a0<\/p><p>C\u2019est la t\u00e2che des proviseurs de poursuivre cette activit\u00e9, dans l\u2019esprit de celui qui en est l\u2019initiateur et le bienfaiteur insigne.\u00a0<\/p><p>Voici la composition actuelle du Conseil d\u2019Administration de la Fondation Lambert Darchis :<br \/><br \/><\/p><p>Pr\u00e9sident :\u00a0<br \/>M. l\u2019Abb\u00e9 Alphonse Borras<\/p><p>Proviseurs :<\/p><p>Mme Catherine Francotte<\/p><p>M. Yves Charlier<br \/>Mgr. Gabriel Quicke, proviseur secr\u00e9taire, repr\u00e9sentant l\u00e9gal<br \/>R.P. Philippe Schillings, OFM<br \/>R.P. Beno\u00eet Malvaux, SJ.<br \/><br \/><br \/>Chevalier Auguste Francotte, proviseur honoraire<\/p><\/div>\t\t\t\t\t\t<\/div>\n\t\t\t\t<\/div>\n\t\t\t\t\t<\/div>\n\t\t\t\t<\/div>\n\t\t<div class=\"elementor-element elementor-element-7632775 e-flex e-con-boxed wpr-particle-no wpr-jarallax-no wpr-parallax-no wpr-sticky-section-no e-con e-parent\" data-id=\"7632775\" data-element_type=\"container\" data-settings=\"{&quot;content_width&quot;:&quot;boxed&quot;}\" data-core-v316-plus=\"true\">\n\t\t\t\t\t<div class=\"e-con-inner\">\n\t\t\t\t<div class=\"elementor-element elementor-element-ad2ebc8 elementor-widget elementor-widget-image\" data-id=\"ad2ebc8\" data-element_type=\"widget\" data-widget_type=\"image.default\">\n\t\t\t\t<div class=\"elementor-widget-container\">\n\t\t\t<style>\/*! elementor - v3.19.0 - 07-02-2024 *\/\n.elementor-widget-image{text-align:center}.elementor-widget-image a{display:inline-block}.elementor-widget-image a img[src$=\".svg\"]{width:48px}.elementor-widget-image img{vertical-align:middle;display:inline-block}<\/style>\t\t\t\t\t\t\t\t\t\t<img decoding=\"async\" src=\"https:\/\/fondationlambertdarchis.com\/wp-content\/uploads\/elementor\/thumbs\/IMG_1373-scaled-qomjti336uzqkkcnio2jid2rcvkquah2bqng3z54fa.jpeg\" title=\"Conseil des Proviseurs de la Fondation\" alt=\"Conseil des Proviseurs de la Fondation\" loading=\"lazy\" \/>\t\t\t\t\t\t\t\t\t\t\t\t\t<\/div>\n\t\t\t\t<\/div>\n\t\t\t\t\t<\/div>\n\t\t\t\t<\/div>\n\t\t\t\t<\/div>\n\t\t","protected":false},"excerpt":{"rendered":"<p>La Fondation Lambert Darchis est une institution li\u00e9geoise dont le si\u00e8ge est \u00e0 Rome. Nous la devons \u00e0 la g\u00e9n\u00e9rosit\u00e9 de Lambert Darchis, n\u00e9 \u00e0 Li\u00e8ge et y baptis\u00e9 le 31 juillet 1625. En 1646, Darchis part pour Rome et se met au service de la Curie Pontificale o\u00f9 il fait une carri\u00e8re longue et lucrative. Sans doute marqu\u00e9 par les conditions difficiles rencontr\u00e9es par les \u00e9trangers pour s\u2019y loger, il institue par testament, en 1696, une fondation visant \u00e0 organiser l\u2019accueil de ses compatriotes.\u00a0 Lambert Darchis d\u00e9c\u00e8de en 1699 et est enterr\u00e9 \u00e0 Rome, dans l\u2019\u00e9glise Santa Maria dell\u2019Anima, \u00e9glise nationale du saint Empire romain de la nation germanique, duquel faisait partie la principaut\u00e9 de Li\u00e8ge. C\u2019est l\u2019origine de la Fondation Lambert Darchis, qui tient compte des volont\u00e9s exprim\u00e9es par le donateur : les boursiers doivent provenir du dioc\u00e8se de Li\u00e8ge.\u00a0 D\u00e8s son d\u00e9c\u00e8s, les ex\u00e9cuteurs testamentaires r\u00e9alisent la mission qui leur est confi\u00e9e, font l\u2019acquisition d\u2019une maison Via Monte d\u2019Oro en vue d\u2019y accueillir de jeunes Li\u00e9geois venus \u00e0 Rome pour un p\u00e8lerinage ou pour y entreprendre une formation. Cet immeuble, appel\u00e9 d\u2019abord \u201chospice\u201d devient le Coll\u00e8ge Darchis en 1711, avec un r\u00e8glement pr\u00e9cis. Les boursiers sont admis pour 5 ans ; le logement et la nourriture leur sont assur\u00e9s. Et d\u00e9j\u00e0 les traits essentiels de cette fondation sont bien marqu\u00e9s : sa destination charitable, son affectation \u00a0aux Li\u00e9geois et son administration autonome, assur\u00e9e b\u00e9n\u00e9volement par les proviseurs. Pendant la p\u00e9riode r\u00e9volutionnaire du d\u00e9but du XIXe si\u00e8cle, le Coll\u00e8ge est ferm\u00e9 ; mais dix-sept pensionnaires h\u00e9berg\u00e9s par la fondation \u00a0sont aid\u00e9s entre 1799 et 1840. Un nouveau r\u00e8glement du Coll\u00e8ge est mis au point en 1851, qui pr\u00e9cise, en son article 16, qu\u2019il y aura partage \u00e9gal des bourses d\u2019\u00e9tudes entre les artistes et les \u00e9l\u00e8ves en th\u00e9ologie. En 2008, afin de promouvoir plus largement son objet social, la Fondation Lambert Darchis d\u00e9cide de s\u2019ouvrir \u00e9galement aux \u00e9tudiants la\u00efcs du dioc\u00e8se de Li\u00e8ge qui effectuent \u00a0des \u00e9tudes en sciences religieuses, soit dans le cadre de l\u2019Institut sup\u00e9rieur de Cat\u00e9ch\u00e8se et de Pastorale, soit dans le cadre de la Facult\u00e9 de th\u00e9ologie de l\u2019Universit\u00e9 catholique de Louvain.\u00a0 Aujourd\u2019hui encore, la Fondation pers\u00e9v\u00e8re dans cette tradition. En effet, quand ses ressources le permettent, la Fondation offre chaque ann\u00e9e une ou plusieurs bourses d\u2019\u00e9tude permettant \u00e0 des jeunes de perfectionner leurs connaissances ou leur art \u00e0 Rome. Parmi les b\u00e9n\u00e9ficiaires, on trouve les noms de personnalit\u00e9s de tr\u00e8s grand renom en Belgique et m\u00eame \u00e0 l\u2019\u00e9tranger, tels que le musicien Gr\u00e9try, les artistes Defrance, Closson, Philippet, Heintz, plusieurs \u00e9v\u00eaques de Li\u00e8ge, l\u2019Abb\u00e9 Pottier, pionnier de la d\u00e9mocratie chr\u00e9tienne, et tant d\u2019autres&#8230; Pour financer aujourd\u2019hui son activit\u00e9, la Fondation exploite l\u2019immeuble de la Via Monte d\u2019Oro \u00e0 quelques centaines de m\u00e8tres du tombeau d\u2019Auguste ; c\u2019est l\u2019essentiel de son capital. Et on retrouve sur l\u2019une des fa\u00e7ades de cet immeuble une inscription surmont\u00e9e du perron li\u00e9geois.\u00a0 C\u2019est la t\u00e2che des proviseurs de poursuivre cette activit\u00e9, dans l\u2019esprit de celui qui en est l\u2019initiateur et le bienfaiteur insigne.\u00a0 Voici la composition actuelle du Conseil d\u2019Administration de la Fondation Lambert Darchis : Pr\u00e9sident :\u00a0M. l\u2019Abb\u00e9 Alphonse Borras Proviseurs : Mme Catherine Francotte M. Yves CharlierMgr. Gabriel Quicke, proviseur secr\u00e9taire, repr\u00e9sentant l\u00e9galR.P. Philippe Schillings, OFMR.P. Beno\u00eet Malvaux, SJ. Chevalier Auguste Francotte, proviseur honoraire<\/p>\n","protected":false},"author":1,"featured_media":0,"parent":0,"menu_order":0,"comment_status":"closed","ping_status":"closed","template":"","meta":{"footnotes":""},"class_list":["post-10","page","type-page","status-publish","hentry"],"_links":{"self":[{"href":"https:\/\/fondationlambertdarchis.com\/index.php?rest_route=\/wp\/v2\/pages\/10","targetHints":{"allow":["GET"]}}],"collection":[{"href":"https:\/\/fondationlambertdarchis.com\/index.php?rest_route=\/wp\/v2\/pages"}],"about":[{"href":"https:\/\/fondationlambertdarchis.com\/index.php?rest_route=\/wp\/v2\/types\/page"}],"author":[{"embeddable":true,"href":"https:\/\/fondationlambertdarchis.com\/index.php?rest_route=\/wp\/v2\/users\/1"}],"replies":[{"embeddable":true,"href":"https:\/\/fondationlambertdarchis.com\/index.php?rest_route=%2Fwp%2Fv2%2Fcomments&post=10"}],"version-history":[{"count":7,"href":"https:\/\/fondationlambertdarchis.com\/index.php?rest_route=\/wp\/v2\/pages\/10\/revisions"}],"predecessor-version":[{"id":175,"href":"https:\/\/fondationlambertdarchis.com\/index.php?rest_route=\/wp\/v2\/pages\/10\/revisions\/175"}],"wp:attachment":[{"href":"https:\/\/fondationlambertdarchis.com\/index.php?rest_route=%2Fwp%2Fv2%2Fmedia&parent=10"}],"curies":[{"name":"wp","href":"https:\/\/api.w.org\/{rel}","templated":true}]}}