{"id":13,"date":"2024-02-08T15:34:37","date_gmt":"2024-02-08T14:34:37","guid":{"rendered":"https:\/\/fondationlambertdarchis.com\/?page_id=13"},"modified":"2024-02-08T16:24:34","modified_gmt":"2024-02-08T15:24:34","slug":"la-bourse","status":"publish","type":"page","link":"https:\/\/fondationlambertdarchis.com\/?page_id=13","title":{"rendered":"La bourse"},"content":{"rendered":"\t\t<div data-elementor-type=\"wp-page\" data-elementor-id=\"13\" class=\"elementor elementor-13\">\n\t\t\t\t<div class=\"elementor-element elementor-element-aa403a2 e-flex e-con-boxed wpr-particle-no wpr-jarallax-no wpr-parallax-no wpr-sticky-section-no e-con e-parent\" data-id=\"aa403a2\" data-element_type=\"container\" data-settings=\"{&quot;content_width&quot;:&quot;boxed&quot;}\" data-core-v316-plus=\"true\">\n\t\t\t\t\t<div class=\"e-con-inner\">\n\t\t\t\t<div class=\"elementor-element elementor-element-8db443d elementor-widget elementor-widget-text-editor\" data-id=\"8db443d\" data-element_type=\"widget\" data-widget_type=\"text-editor.default\">\n\t\t\t\t<div class=\"elementor-widget-container\">\n\t\t\t<style>\/*! elementor - v3.19.0 - 07-02-2024 *\/\n.elementor-widget-text-editor.elementor-drop-cap-view-stacked .elementor-drop-cap{background-color:#69727d;color:#fff}.elementor-widget-text-editor.elementor-drop-cap-view-framed .elementor-drop-cap{color:#69727d;border:3px solid;background-color:transparent}.elementor-widget-text-editor:not(.elementor-drop-cap-view-default) .elementor-drop-cap{margin-top:8px}.elementor-widget-text-editor:not(.elementor-drop-cap-view-default) .elementor-drop-cap-letter{width:1em;height:1em}.elementor-widget-text-editor .elementor-drop-cap{float:left;text-align:center;line-height:1;font-size:50px}.elementor-widget-text-editor .elementor-drop-cap-letter{display:inline-block}<\/style>\t\t\t\t<p>La demande pour une bourse doit \u00eatre adress\u00e9e au pr\u00e9sident du Coll\u00e8ge des proviseurs \u00a0pour le 31<sup>er<\/sup>\u00a0juillet de l\u2019ann\u00e9e en cours:<\/p><p><br \/>M. l\u2019Abb\u00e9 Alphonse Borras,<br \/>Rue de l\u2019Ev\u00each\u00e9 2,<br \/>4000 Li\u00e8ge.<\/p>\t\t\t\t\t\t<\/div>\n\t\t\t\t<\/div>\n\t\t\t\t\t<\/div>\n\t\t\t\t<\/div>\n\t\t\t\t<\/div>\n\t\t","protected":false},"excerpt":{"rendered":"<p>La demande pour une bourse doit \u00eatre adress\u00e9e au pr\u00e9sident du Coll\u00e8ge des proviseurs \u00a0pour le 31er\u00a0juillet de l\u2019ann\u00e9e en cours: M. l\u2019Abb\u00e9 Alphonse Borras,Rue de l\u2019Ev\u00each\u00e9 2,4000 Li\u00e8ge.<\/p>\n","protected":false},"author":1,"featured_media":0,"parent":0,"menu_order":0,"comment_status":"closed","ping_status":"closed","template":"","meta":{"footnotes":""},"class_list":["post-13","page","type-page","status-publish","hentry"],"_links":{"self":[{"href":"https:\/\/fondationlambertdarchis.com\/index.php?rest_route=\/wp\/v2\/pages\/13","targetHints":{"allow":["GET"]}}],"collection":[{"href":"https:\/\/fondationlambertdarchis.com\/index.php?rest_route=\/wp\/v2\/pages"}],"about":[{"href":"https:\/\/fondationlambertdarchis.com\/index.php?rest_route=\/wp\/v2\/types\/page"}],"author":[{"embeddable":true,"href":"https:\/\/fondationlambertdarchis.com\/index.php?rest_route=\/wp\/v2\/users\/1"}],"replies":[{"embeddable":true,"href":"https:\/\/fondationlambertdarchis.com\/index.php?rest_route=%2Fwp%2Fv2%2Fcomments&post=13"}],"version-history":[{"count":4,"href":"https:\/\/fondationlambertdarchis.com\/index.php?rest_route=\/wp\/v2\/pages\/13\/revisions"}],"predecessor-version":[{"id":65,"href":"https:\/\/fondationlambertdarchis.com\/index.php?rest_route=\/wp\/v2\/pages\/13\/revisions\/65"}],"wp:attachment":[{"href":"https:\/\/fondationlambertdarchis.com\/index.php?rest_route=%2Fwp%2Fv2%2Fmedia&parent=13"}],"curies":[{"name":"wp","href":"https:\/\/api.w.org\/{rel}","templated":true}]}}