{"id":19,"date":"2024-02-08T15:35:33","date_gmt":"2024-02-08T14:35:33","guid":{"rendered":"https:\/\/fondationlambertdarchis.com\/?page_id=19"},"modified":"2024-02-09T14:59:52","modified_gmt":"2024-02-09T13:59:52","slug":"les-boursiers","status":"publish","type":"page","link":"https:\/\/fondationlambertdarchis.com\/?page_id=19","title":{"rendered":"Les boursiers"},"content":{"rendered":"\t\t<div data-elementor-type=\"wp-page\" data-elementor-id=\"19\" class=\"elementor elementor-19\">\n\t\t\t\t<div class=\"elementor-element elementor-element-f869d7d e-flex e-con-boxed wpr-particle-no wpr-jarallax-no wpr-parallax-no wpr-sticky-section-no e-con e-parent\" data-id=\"f869d7d\" data-element_type=\"container\" data-settings=\"{&quot;content_width&quot;:&quot;boxed&quot;}\" data-core-v316-plus=\"true\">\n\t\t\t\t\t<div class=\"e-con-inner\">\n\t\t<div class=\"elementor-element elementor-element-c771ec0 e-con-full e-flex wpr-particle-no wpr-jarallax-no wpr-parallax-no wpr-sticky-section-no e-con e-child\" data-id=\"c771ec0\" data-element_type=\"container\" data-settings=\"{&quot;content_width&quot;:&quot;full&quot;}\">\n\t\t\t\t<div class=\"elementor-element elementor-element-88f6eb3 elementor-widget elementor-widget-text-editor\" data-id=\"88f6eb3\" data-element_type=\"widget\" data-widget_type=\"text-editor.default\">\n\t\t\t\t<div class=\"elementor-widget-container\">\n\t\t\t<style>\/*! elementor - v3.19.0 - 07-02-2024 *\/\n.elementor-widget-text-editor.elementor-drop-cap-view-stacked .elementor-drop-cap{background-color:#69727d;color:#fff}.elementor-widget-text-editor.elementor-drop-cap-view-framed .elementor-drop-cap{color:#69727d;border:3px solid;background-color:transparent}.elementor-widget-text-editor:not(.elementor-drop-cap-view-default) .elementor-drop-cap{margin-top:8px}.elementor-widget-text-editor:not(.elementor-drop-cap-view-default) .elementor-drop-cap-letter{width:1em;height:1em}.elementor-widget-text-editor .elementor-drop-cap{float:left;text-align:center;line-height:1;font-size:50px}.elementor-widget-text-editor .elementor-drop-cap-letter{display:inline-block}<\/style>\t\t\t\t<p><span style=\"color: #ba0600;\">Lambert-Joseph-Ferdinand Gr\u00e9goire (1756 &#8211; 1783)<\/span><\/p><p>N\u00e9 \u00e0 Li\u00e8ge, baptis\u00e9 en l&rsquo;\u00e9glise Notre-Dame-aux-Fonts le 17 d\u00e9cembre 1756, \u00e9tait le dixi\u00e8me enfant de Lambert Gr\u00e9goire et de Marie Colen (Coelen). Il fit son apprentissage de peintre et fut boursier du Coll\u00e8ge li\u00e9geois probablement de 1778 \u00e0 1783. A Rome, en 1779, il remporta le premier prix de dessin du 2e cours au concours organis\u00e9 par l&rsquo;Acad\u00e9mie Saint-Luc et, en 1780, le deuxi\u00e8me prix du 3e cours du m\u00eame concours. Il mourut \u00e0 Rome le 17 septembre 1783. En 1785, au Salon de la Soci\u00e9t\u00e9 d&rsquo;Emulation \u00e0 LI\u00e8ge, les organisateurs expos\u00e8rent neuf tableaux du peintre d\u00e9funt dont, sous le n\u00b0 20, le portrait de Pie VI (1775-1799), pape r\u00e9gnant. A Li\u00e8ge, Gr\u00e9goire avait ex\u00e9cut\u00e9 le portrait de Fran\u00e7ois-Charles de Velbruck, prince-\u00e9v\u00eaque de Li\u00e8ge (1772-1784). C&rsquo;est la seule \u0153uvre sign\u00e9e de cet artiste que l&rsquo;on connaisse.\u00a0<\/p>\t\t\t\t\t\t<\/div>\n\t\t\t\t<\/div>\n\t\t\t\t<\/div>\n\t\t<div class=\"elementor-element elementor-element-0a9076b e-con-full e-flex wpr-particle-no wpr-jarallax-no wpr-parallax-no wpr-sticky-section-no e-con e-child\" data-id=\"0a9076b\" data-element_type=\"container\" data-settings=\"{&quot;content_width&quot;:&quot;full&quot;}\">\n\t\t\t\t<div class=\"elementor-element elementor-element-195c18c elementor-widget elementor-widget-image\" data-id=\"195c18c\" data-element_type=\"widget\" data-widget_type=\"image.default\">\n\t\t\t\t<div class=\"elementor-widget-container\">\n\t\t\t<style>\/*! elementor - v3.19.0 - 07-02-2024 *\/\n.elementor-widget-image{text-align:center}.elementor-widget-image a{display:inline-block}.elementor-widget-image a img[src$=\".svg\"]{width:48px}.elementor-widget-image img{vertical-align:middle;display:inline-block}<\/style>\t\t\t\t\t\t\t\t\t\t<img fetchpriority=\"high\" decoding=\"async\" width=\"235\" height=\"303\" src=\"https:\/\/fondationlambertdarchis.com\/wp-content\/uploads\/2024\/02\/01-Gregoire.jpg\" class=\"attachment-large size-large wp-image-27\" alt=\"\" srcset=\"https:\/\/fondationlambertdarchis.com\/wp-content\/uploads\/2024\/02\/01-Gregoire.jpg 235w, https:\/\/fondationlambertdarchis.com\/wp-content\/uploads\/2024\/02\/01-Gregoire-233x300.jpg 233w\" sizes=\"(max-width: 235px) 100vw, 235px\" \/>\t\t\t\t\t\t\t\t\t\t\t\t\t<\/div>\n\t\t\t\t<\/div>\n\t\t\t\t<\/div>\n\t\t\t\t\t<\/div>\n\t\t\t\t<\/div>\n\t\t\t\t<\/div>\n\t\t","protected":false},"excerpt":{"rendered":"<p>Lambert-Joseph-Ferdinand Gr\u00e9goire (1756 &#8211; 1783) N\u00e9 \u00e0 Li\u00e8ge, baptis\u00e9 en l&rsquo;\u00e9glise Notre-Dame-aux-Fonts le 17 d\u00e9cembre 1756, \u00e9tait le dixi\u00e8me enfant de Lambert Gr\u00e9goire et de Marie Colen (Coelen). Il fit son apprentissage de peintre et fut boursier du Coll\u00e8ge li\u00e9geois probablement de 1778 \u00e0 1783. A Rome, en 1779, il remporta le premier prix de dessin du 2e cours au concours organis\u00e9 par l&rsquo;Acad\u00e9mie Saint-Luc et, en 1780, le deuxi\u00e8me prix du 3e cours du m\u00eame concours. Il mourut \u00e0 Rome le 17 septembre 1783. En 1785, au Salon de la Soci\u00e9t\u00e9 d&rsquo;Emulation \u00e0 LI\u00e8ge, les organisateurs expos\u00e8rent neuf tableaux du peintre d\u00e9funt dont, sous le n\u00b0 20, le portrait de Pie VI (1775-1799), pape r\u00e9gnant. A Li\u00e8ge, Gr\u00e9goire avait ex\u00e9cut\u00e9 le portrait de Fran\u00e7ois-Charles de Velbruck, prince-\u00e9v\u00eaque de Li\u00e8ge (1772-1784). C&rsquo;est la seule \u0153uvre sign\u00e9e de cet artiste que l&rsquo;on connaisse.\u00a0<\/p>\n","protected":false},"author":1,"featured_media":0,"parent":0,"menu_order":0,"comment_status":"closed","ping_status":"closed","template":"","meta":{"footnotes":""},"class_list":["post-19","page","type-page","status-publish","hentry"],"_links":{"self":[{"href":"https:\/\/fondationlambertdarchis.com\/index.php?rest_route=\/wp\/v2\/pages\/19","targetHints":{"allow":["GET"]}}],"collection":[{"href":"https:\/\/fondationlambertdarchis.com\/index.php?rest_route=\/wp\/v2\/pages"}],"about":[{"href":"https:\/\/fondationlambertdarchis.com\/index.php?rest_route=\/wp\/v2\/types\/page"}],"author":[{"embeddable":true,"href":"https:\/\/fondationlambertdarchis.com\/index.php?rest_route=\/wp\/v2\/users\/1"}],"replies":[{"embeddable":true,"href":"https:\/\/fondationlambertdarchis.com\/index.php?rest_route=%2Fwp%2Fv2%2Fcomments&post=19"}],"version-history":[{"count":10,"href":"https:\/\/fondationlambertdarchis.com\/index.php?rest_route=\/wp\/v2\/pages\/19\/revisions"}],"predecessor-version":[{"id":166,"href":"https:\/\/fondationlambertdarchis.com\/index.php?rest_route=\/wp\/v2\/pages\/19\/revisions\/166"}],"wp:attachment":[{"href":"https:\/\/fondationlambertdarchis.com\/index.php?rest_route=%2Fwp%2Fv2%2Fmedia&parent=19"}],"curies":[{"name":"wp","href":"https:\/\/api.w.org\/{rel}","templated":true}]}}