{"id":8,"date":"2024-02-08T15:32:41","date_gmt":"2024-02-08T14:32:41","guid":{"rendered":"https:\/\/fondationlambertdarchis.com\/?page_id=8"},"modified":"2024-09-13T11:10:14","modified_gmt":"2024-09-13T09:10:14","slug":"accueil","status":"publish","type":"page","link":"https:\/\/fondationlambertdarchis.com\/","title":{"rendered":"Accueil"},"content":{"rendered":"\t\t<div data-elementor-type=\"wp-page\" data-elementor-id=\"8\" class=\"elementor elementor-8\">\n\t\t\t\t<div class=\"elementor-element elementor-element-961c1ab e-flex e-con-boxed wpr-particle-no wpr-jarallax-no wpr-parallax-no wpr-sticky-section-no e-con e-parent\" data-id=\"961c1ab\" data-element_type=\"container\" data-settings=\"{&quot;content_width&quot;:&quot;boxed&quot;}\" data-core-v316-plus=\"true\">\n\t\t\t\t\t<div class=\"e-con-inner\">\n\t\t\t\t<div class=\"elementor-element elementor-element-28d445a elementor-widget elementor-widget-shortcode\" data-id=\"28d445a\" data-element_type=\"widget\" data-widget_type=\"shortcode.default\">\n\t\t\t\t<div class=\"elementor-widget-container\">\n\t\t\t\t\t<div class=\"elementor-shortcode\"><div id=\"metaslider-id-82\" style=\"width: 100%;\" class=\"ml-slider-3-61-0 metaslider metaslider-flex metaslider-82 ml-slider ms-theme-default nav-hidden\" role=\"region\" aria-roledescription=\"Slideshow\" aria-label=\"Accueil\">\n    <div id=\"metaslider_container_82\">\n        <div id=\"metaslider_82\">\n            <ul aria-live=\"polite\" class=\"slides\">\n                <li style=\"display: block; width: 100%;\" class=\"slide-83 ms-image \" aria-roledescription=\"slide\" aria-label=\"slide-83\"><img fetchpriority=\"high\" decoding=\"async\" src=\"https:\/\/fondationlambertdarchis.com\/wp-content\/uploads\/2024\/02\/darchis_img_big_4-790x236.jpg\" height=\"300\" width=\"1000\" alt=\"\" class=\"slider-82 slide-83\" title=\"darchis_img_big_4\" \/><\/li>\n                <li style=\"display: none; width: 100%;\" class=\"slide-84 ms-image \" aria-roledescription=\"slide\" aria-label=\"slide-84\"><img decoding=\"async\" src=\"https:\/\/fondationlambertdarchis.com\/wp-content\/uploads\/2024\/02\/darchis_img_big_3-790x236.jpg\" height=\"300\" width=\"1000\" alt=\"\" class=\"slider-82 slide-84\" title=\"darchis_img_big_3\" \/><\/li>\n                <li style=\"display: none; width: 100%;\" class=\"slide-85 ms-image \" aria-roledescription=\"slide\" aria-label=\"slide-85\"><img decoding=\"async\" src=\"https:\/\/fondationlambertdarchis.com\/wp-content\/uploads\/2024\/02\/darchis_img_big_2-790x236.jpg\" height=\"300\" width=\"1000\" alt=\"\" class=\"slider-82 slide-85\" title=\"darchis_img_big_2\" \/><\/li>\n                <li style=\"display: none; width: 100%;\" class=\"slide-86 ms-image \" aria-roledescription=\"slide\" aria-label=\"slide-86\"><img loading=\"lazy\" decoding=\"async\" src=\"https:\/\/fondationlambertdarchis.com\/wp-content\/uploads\/2024\/02\/darchis_img_big_1-790x236.jpg\" height=\"300\" width=\"1000\" alt=\"\" class=\"slider-82 slide-86\" title=\"darchis_img_big_1\" \/><\/li>\n            <\/ul>\n        <\/div>\n        \n    <\/div>\n<\/div><\/div>\n\t\t\t\t<\/div>\n\t\t\t\t<\/div>\n\t\t\t\t\t<\/div>\n\t\t\t\t<\/div>\n\t\t<div class=\"elementor-element elementor-element-6fb0168 e-flex e-con-boxed wpr-particle-no wpr-jarallax-no wpr-parallax-no wpr-sticky-section-no e-con e-parent\" data-id=\"6fb0168\" data-element_type=\"container\" data-settings=\"{&quot;content_width&quot;:&quot;boxed&quot;}\" data-core-v316-plus=\"true\">\n\t\t\t\t\t<div class=\"e-con-inner\">\n\t\t\t\t<div class=\"elementor-element elementor-element-d72bf2c elementor-widget elementor-widget-image\" data-id=\"d72bf2c\" data-element_type=\"widget\" data-widget_type=\"image.default\">\n\t\t\t\t<div class=\"elementor-widget-container\">\n\t\t\t<style>\/*! elementor - v3.19.0 - 07-02-2024 *\/\n.elementor-widget-image{text-align:center}.elementor-widget-image a{display:inline-block}.elementor-widget-image a img[src$=\".svg\"]{width:48px}.elementor-widget-image img{vertical-align:middle;display:inline-block}<\/style>\t\t\t\t\t\t\t\t\t\t<img loading=\"lazy\" decoding=\"async\" width=\"170\" height=\"149\" src=\"https:\/\/fondationlambertdarchis.com\/wp-content\/uploads\/2024\/02\/cropped-logo_darchis_big-e1707405004803.jpg\" class=\"attachment-large size-large wp-image-33\" alt=\"\" \/>\t\t\t\t\t\t\t\t\t\t\t\t\t<\/div>\n\t\t\t\t<\/div>\n\t\t\t\t\t<\/div>\n\t\t\t\t<\/div>\n\t\t<div class=\"elementor-element elementor-element-45c6fd8 e-flex e-con-boxed wpr-particle-no wpr-jarallax-no wpr-parallax-no wpr-sticky-section-no e-con e-parent\" data-id=\"45c6fd8\" data-element_type=\"container\" data-settings=\"{&quot;content_width&quot;:&quot;boxed&quot;}\" data-core-v316-plus=\"true\">\n\t\t\t\t\t<div class=\"e-con-inner\">\n\t\t\t\t<div class=\"elementor-element elementor-element-d23118d elementor-widget elementor-widget-text-editor\" data-id=\"d23118d\" data-element_type=\"widget\" data-widget_type=\"text-editor.default\">\n\t\t\t\t<div class=\"elementor-widget-container\">\n\t\t\t<style>\/*! elementor - v3.19.0 - 07-02-2024 *\/\n.elementor-widget-text-editor.elementor-drop-cap-view-stacked .elementor-drop-cap{background-color:#69727d;color:#fff}.elementor-widget-text-editor.elementor-drop-cap-view-framed .elementor-drop-cap{color:#69727d;border:3px solid;background-color:transparent}.elementor-widget-text-editor:not(.elementor-drop-cap-view-default) .elementor-drop-cap{margin-top:8px}.elementor-widget-text-editor:not(.elementor-drop-cap-view-default) .elementor-drop-cap-letter{width:1em;height:1em}.elementor-widget-text-editor .elementor-drop-cap{float:left;text-align:center;line-height:1;font-size:50px}.elementor-widget-text-editor .elementor-drop-cap-letter{display:inline-block}<\/style>\t\t\t\t<p>\u00a0<\/p><p>La fondation Lambert Darchis a pour objet la distribution de bourses \u00e0 des jeunes gens issus de la province de Li\u00e8ge et d\u00e9sirant parfaire leur formation artistique ou religieuse \u00e0 Rome par des \u00e9tudes poursuivies dans les institutions de cette ville ou par des recherches et des travaux personnels.<\/p><p>\u00a0<\/p><p>\u00a0<\/p>\t\t\t\t\t\t<\/div>\n\t\t\t\t<\/div>\n\t\t\t\t\t<\/div>\n\t\t\t\t<\/div>\n\t\t<div class=\"elementor-element elementor-element-026ccaa e-flex e-con-boxed wpr-particle-no wpr-jarallax-no wpr-parallax-no wpr-sticky-section-no e-con e-parent\" data-id=\"026ccaa\" data-element_type=\"container\" data-settings=\"{&quot;content_width&quot;:&quot;boxed&quot;}\" data-core-v316-plus=\"true\">\n\t\t\t\t\t<div class=\"e-con-inner\">\n\t\t\t\t<div class=\"elementor-element elementor-element-fbe857b elementor-widget elementor-widget-text-editor\" data-id=\"fbe857b\" data-element_type=\"widget\" data-widget_type=\"text-editor.default\">\n\t\t\t\t<div class=\"elementor-widget-container\">\n\t\t\t\t\t\t\t<p><span style=\"text-decoration: underline;\">Derniers Articles<\/span><\/p>\t\t\t\t\t\t<\/div>\n\t\t\t\t<\/div>\n\t\t\t\t\t<\/div>\n\t\t\t\t<\/div>\n\t\t<div class=\"elementor-element elementor-element-456fde2 e-flex e-con-boxed wpr-particle-no wpr-jarallax-no wpr-parallax-no wpr-sticky-section-no e-con e-parent\" data-id=\"456fde2\" data-element_type=\"container\" data-settings=\"{&quot;content_width&quot;:&quot;boxed&quot;}\" data-core-v316-plus=\"true\">\n\t\t\t\t\t<div class=\"e-con-inner\">\n\t\t\t\t<div class=\"elementor-element elementor-element-cd2d437 wpr-grid-columns-3 wpr-grid-columns--tablet2 wpr-grid-columns--mobile1 wpr-grid-pagination-center wpr-item-styles-inner elementor-widget elementor-widget-wpr-grid\" data-id=\"cd2d437\" data-element_type=\"widget\" data-widget_type=\"wpr-grid.default\">\n\t\t\t\t<div class=\"elementor-widget-container\">\n\t\t\t<ul class=\"wpr-grid-filters elementor-clearfix wpr-grid-filters-sep-right\"><li class=\" wpr-pointer-none wpr-pointer-line-fx wpr-pointer-fx-none\"><span data-filter=\"*\" class=\"wpr-active-filter \">All Posts<\/span><em class=\"wpr-grid-filters-sep\"><\/em><\/li><li class=\" wpr-pointer-none wpr-pointer-line-fx wpr-pointer-fx-none\"><span  data-filter=\".category-non-classe\">Non class\u00e9<\/span><em class=\"wpr-grid-filters-sep\"><\/em><\/li><\/ul><section class=\"wpr-grid elementor-clearfix\" data-settings=\"{&quot;layout&quot;:&quot;fitRows&quot;,&quot;stick_last_element_to_bottom&quot;:&quot;&quot;,&quot;columns_desktop&quot;:3,&quot;gutter_hr&quot;:15,&quot;gutter_hr_mobile&quot;:15,&quot;gutter_hr_mobile_extra&quot;:15,&quot;gutter_hr_tablet&quot;:15,&quot;gutter_hr_tablet_extra&quot;:15,&quot;gutter_hr_laptop&quot;:15,&quot;gutter_hr_widescreen&quot;:15,&quot;gutter_vr&quot;:15,&quot;gutter_vr_mobile&quot;:15,&quot;gutter_vr_mobile_extra&quot;:15,&quot;gutter_vr_tablet&quot;:15,&quot;gutter_vr_tablet_extra&quot;:15,&quot;gutter_vr_laptop&quot;:15,&quot;gutter_vr_widescreen&quot;:15,&quot;animation&quot;:&quot;default&quot;,&quot;animation_duration&quot;:0.3,&quot;animation_delay&quot;:0.1,&quot;deeplinking&quot;:&quot;&quot;,&quot;filters_linkable&quot;:&quot;no&quot;,&quot;filters_default_filter&quot;:&quot;&quot;,&quot;filters_count&quot;:&quot;&quot;,&quot;filters_hide_empty&quot;:&quot;no&quot;,&quot;filters_animation&quot;:&quot;default&quot;,&quot;filters_animation_duration&quot;:0.3,&quot;filters_animation_delay&quot;:0.1,&quot;pagination_type&quot;:&quot;load-more&quot;,&quot;pagination_max_pages&quot;:2,&quot;lightbox&quot;:{&quot;selector&quot;:&quot;.wpr-grid-image-wrap&quot;,&quot;iframeMaxWidth&quot;:&quot;60%&quot;,&quot;hash&quot;:false,&quot;autoplay&quot;:&quot;true&quot;,&quot;pause&quot;:5000,&quot;progressBar&quot;:&quot;true&quot;,&quot;counter&quot;:&quot;true&quot;,&quot;controls&quot;:&quot;true&quot;,&quot;getCaptionFromTitleOrAlt&quot;:&quot;true&quot;,&quot;thumbnail&quot;:&quot;&quot;,&quot;showThumbByDefault&quot;:&quot;&quot;,&quot;share&quot;:&quot;&quot;,&quot;zoom&quot;:&quot;true&quot;,&quot;fullScreen&quot;:&quot;true&quot;,&quot;download&quot;:&quot;true&quot;}}\"><article class=\"wpr-grid-item elementor-clearfix post-295 post type-post status-publish format-standard hentry category-non-classe\"><div class=\"wpr-grid-item-inner\"><div class=\"wpr-grid-item-below-content elementor-clearfix\"><h2 class=\"wpr-grid-item-title elementor-repeater-item-8473203 wpr-grid-item-display-block wpr-grid-item-align-left wpr-pointer-none wpr-pointer-line-fx wpr-pointer-fx-fade\"><div class=\"inner-block\"><a target=\"_self\"  href=\"https:\/\/fondationlambertdarchis.com\/?p=295\">Nouveaut\u00e9: Exp\u00e9rience romaine pour des jeunes latinistes<\/a><\/div><\/h2><div class=\"wpr-grid-item-excerpt elementor-repeater-item-a45ab22 wpr-grid-item-display-block wpr-grid-item-align-left\"><div class=\"inner-block\"><p>Depuis 3 si\u00e8cles, la Fondation Lambert Darchis vient en aide aux Li\u00e9geois qui font un s\u00e9jour \u00e0 Rome. Ainsi a-t-elle\u2026<\/p><\/div><\/div><\/div><\/div><\/article><article class=\"wpr-grid-item elementor-clearfix post-279 post type-post status-publish format-standard hentry category-non-classe\"><div class=\"wpr-grid-item-inner\"><div class=\"wpr-grid-item-below-content elementor-clearfix\"><h2 class=\"wpr-grid-item-title elementor-repeater-item-8473203 wpr-grid-item-display-block wpr-grid-item-align-left wpr-pointer-none wpr-pointer-line-fx wpr-pointer-fx-fade\"><div class=\"inner-block\"><a target=\"_self\"  href=\"https:\/\/fondationlambertdarchis.com\/?p=279\">Voyage \u00e0 Rome (F\u00e9vrier 2026) -Coll\u00e8ge Saint Louis, Li\u00e8ge.<\/a><\/div><\/h2><div class=\"wpr-grid-item-excerpt elementor-repeater-item-a45ab22 wpr-grid-item-display-block wpr-grid-item-align-left\"><div class=\"inner-block\"><p>https:\/\/fondationlambertdarchis.com\/wp-content\/uploads\/2026\/04\/Voyage-a-Rome-2026_definitif.mp4 \u00ab\u00a0Ce voyage nous a beaucoup plu car nous avons pu d\u00e9couvrir en profondeur la ville de Rome, la culture\u2026<\/p><\/div><\/div><\/div><\/div><\/article><article class=\"wpr-grid-item elementor-clearfix post-262 post type-post status-publish format-standard has-post-thumbnail hentry category-non-classe\"><div class=\"wpr-grid-item-inner\"><div class=\"wpr-grid-media-wrap wpr-effect-size-medium \" data-overlay-link=\"yes\"><div class=\"wpr-grid-image-wrap\" data-src=\"https:\/\/fondationlambertdarchis.com\/wp-content\/uploads\/2026\/01\/B-debut-difficiles-scaled.jpg\" data-img-on-hover=\"\"  data-src-secondary=\"\"><img decoding=\"async\" data-no-lazy=\"1\" src=\"https:\/\/fondationlambertdarchis.com\/wp-content\/uploads\/2026\/01\/B-debut-difficiles-scaled.jpg\" alt=\"Des d\u00e9buts difficiles\" class=\"wpr-anim-timing-ease-default\"><\/div><div class=\"wpr-grid-media-hover wpr-animation-wrap\"><div class=\"wpr-grid-media-hover-bg  wpr-overlay-fade-in wpr-anim-size-large wpr-anim-timing-ease-default wpr-anim-transparency\" data-url=\"https:\/\/fondationlambertdarchis.com\/?p=262\"><\/div><\/div><\/div><div class=\"wpr-grid-item-below-content elementor-clearfix\"><h2 class=\"wpr-grid-item-title elementor-repeater-item-8473203 wpr-grid-item-display-block wpr-grid-item-align-left wpr-pointer-none wpr-pointer-line-fx wpr-pointer-fx-fade\"><div class=\"inner-block\"><a target=\"_self\"  href=\"https:\/\/fondationlambertdarchis.com\/?p=262\">Des d\u00e9buts difficiles<\/a><\/div><\/h2><div class=\"wpr-grid-item-excerpt elementor-repeater-item-a45ab22 wpr-grid-item-display-block wpr-grid-item-align-left\"><div class=\"inner-block\"><p>\u00a0 Les six ex\u00e9cuteurs testamentaires de Lambert Darchis n\u2019ont pas train\u00e9 \u00e0 r\u00e9aliser les derni\u00e8res volont\u00e9s du testateur\u00a0: d\u00e8s octobre\u2026<\/p><\/div><\/div><\/div><\/div><\/article><article class=\"wpr-grid-item elementor-clearfix post-235 post type-post status-publish format-standard hentry category-non-classe\"><div class=\"wpr-grid-item-inner\"><div class=\"wpr-grid-item-below-content elementor-clearfix\"><h2 class=\"wpr-grid-item-title elementor-repeater-item-8473203 wpr-grid-item-display-block wpr-grid-item-align-left wpr-pointer-none wpr-pointer-line-fx wpr-pointer-fx-fade\"><div class=\"inner-block\"><a target=\"_self\"  href=\"https:\/\/fondationlambertdarchis.com\/?p=235\">Le testament de Lambert Darchis<\/a><\/div><\/h2><div class=\"wpr-grid-item-excerpt elementor-repeater-item-a45ab22 wpr-grid-item-display-block wpr-grid-item-align-left\"><div class=\"inner-block\"><p>Le 22 octobre 1696, Lambert Darchis r\u00e9dige son testament qui est enregistr\u00e9 chez Amico Abinante l&rsquo;un des trente notaires capitolins.\u2026<\/p><\/div><\/div><\/div><\/div><\/article><article class=\"wpr-grid-item elementor-clearfix post-207 post type-post status-publish format-standard has-post-thumbnail hentry category-non-classe\"><div class=\"wpr-grid-item-inner\"><div class=\"wpr-grid-media-wrap wpr-effect-size-medium \" data-overlay-link=\"yes\"><div class=\"wpr-grid-image-wrap\" data-src=\"https:\/\/fondationlambertdarchis.com\/wp-content\/uploads\/2024\/09\/IMG-20240502-WA0003-e1726230842254.jpg\" data-img-on-hover=\"\"  data-src-secondary=\"\"><img decoding=\"async\" data-no-lazy=\"1\" src=\"https:\/\/fondationlambertdarchis.com\/wp-content\/uploads\/2024\/09\/IMG-20240502-WA0003-e1726230842254.jpg\" alt=\"Qui \u00e9tait Lambert Darchis\" class=\"wpr-anim-timing-ease-default\"><\/div><div class=\"wpr-grid-media-hover wpr-animation-wrap\"><div class=\"wpr-grid-media-hover-bg  wpr-overlay-fade-in wpr-anim-size-large wpr-anim-timing-ease-default wpr-anim-transparency\" data-url=\"https:\/\/fondationlambertdarchis.com\/?p=207\"><\/div><\/div><\/div><div class=\"wpr-grid-item-below-content elementor-clearfix\"><h2 class=\"wpr-grid-item-title elementor-repeater-item-8473203 wpr-grid-item-display-block wpr-grid-item-align-left wpr-pointer-none wpr-pointer-line-fx wpr-pointer-fx-fade\"><div class=\"inner-block\"><a target=\"_self\"  href=\"https:\/\/fondationlambertdarchis.com\/?p=207\">Qui \u00e9tait Lambert Darchis<\/a><\/div><\/h2><div class=\"wpr-grid-item-excerpt elementor-repeater-item-a45ab22 wpr-grid-item-display-block wpr-grid-item-align-left\"><div class=\"inner-block\"><p>Nous ne connaissons pas grand-chose de la vie de Lambert Darchis. Nous n\u2019avons aucun portrait connu \u00e0 ce jour et\u2026<\/p><\/div><\/div><\/div><\/div><\/article><article class=\"wpr-grid-item elementor-clearfix post-183 post type-post status-publish format-standard hentry category-non-classe\"><div class=\"wpr-grid-item-inner\"><div class=\"wpr-grid-item-below-content elementor-clearfix\"><h2 class=\"wpr-grid-item-title elementor-repeater-item-8473203 wpr-grid-item-display-block wpr-grid-item-align-left wpr-pointer-none wpr-pointer-line-fx wpr-pointer-fx-fade\"><div class=\"inner-block\"><a target=\"_self\"  href=\"https:\/\/fondationlambertdarchis.com\/?p=183\">D\u00e9couvrir la Fondation Lambert Darchis en suivant ses nombreux artistes \u00e0 Li\u00e8ge.<\/a><\/div><\/h2><div class=\"wpr-grid-item-excerpt elementor-repeater-item-a45ab22 wpr-grid-item-display-block wpr-grid-item-align-left\"><div class=\"inner-block\"><p>Organisation de l\u2019Office du tourisme de la ville de Li\u00e8ge.\u00a0 Le li\u00e9geois Lambert Darchis \u2013 n\u00e9 en 1625 &#8211; a\u2026<\/p><\/div><\/div><\/div><\/div><\/article><article class=\"wpr-grid-item elementor-clearfix post-176 post type-post status-publish format-standard hentry category-non-classe\"><div class=\"wpr-grid-item-inner\"><div class=\"wpr-grid-item-below-content elementor-clearfix\"><h2 class=\"wpr-grid-item-title elementor-repeater-item-8473203 wpr-grid-item-display-block wpr-grid-item-align-left wpr-pointer-none wpr-pointer-line-fx wpr-pointer-fx-fade\"><div class=\"inner-block\"><a target=\"_self\"  href=\"https:\/\/fondationlambertdarchis.com\/?p=176\">Conf\u00e9rence \u00ab\u00a0La fondation Lambert Darchis \u00e0 Rome\u00a0\u00bb<\/a><\/div><\/h2><div class=\"wpr-grid-item-excerpt elementor-repeater-item-a45ab22 wpr-grid-item-display-block wpr-grid-item-align-left\"><div class=\"inner-block\"><p>\u00a0 Le 12\/06\/2024 \u00e0 17h15, Yves Charlier pr\u00e9sentera \u00ab\u00a0La fondation Lambert Darchis \u00e0 Rome\u00a0\u00bb \u00e0 la Soci\u00e9t\u00e9 d&rsquo;Art et d&rsquo;Histoire\u2026<\/p><\/div><\/div><\/div><\/div><\/article><article class=\"wpr-grid-item elementor-clearfix post-150 post type-post status-publish format-standard hentry category-non-classe\"><div class=\"wpr-grid-item-inner\"><div class=\"wpr-grid-item-below-content elementor-clearfix\"><h2 class=\"wpr-grid-item-title elementor-repeater-item-8473203 wpr-grid-item-display-block wpr-grid-item-align-left wpr-pointer-none wpr-pointer-line-fx wpr-pointer-fx-fade\"><div class=\"inner-block\"><a target=\"_self\"  href=\"https:\/\/fondationlambertdarchis.com\/?p=150\">Lors du Conseil des Proviseurs du 14 aout 2021, le Pr\u00e9sident de la Fondation,l\u2019Abb\u00e9 Alphonse Borras, a tenu \u00e0 remercier\u2026<\/a><\/div><\/h2><\/div><\/div><\/article><article class=\"wpr-grid-item elementor-clearfix post-142 post type-post status-publish format-standard hentry category-non-classe\"><div class=\"wpr-grid-item-inner\"><div class=\"wpr-grid-item-below-content elementor-clearfix\"><h2 class=\"wpr-grid-item-title elementor-repeater-item-8473203 wpr-grid-item-display-block wpr-grid-item-align-left wpr-pointer-none wpr-pointer-line-fx wpr-pointer-fx-fade\"><div class=\"inner-block\"><a target=\"_self\"  href=\"https:\/\/fondationlambertdarchis.com\/?p=142\">Communiqu\u00e9 : Bourse pour \u00e9tudiants en sciences religieuses et professeurs de religion catholique<\/a><\/div><\/h2><div class=\"wpr-grid-item-excerpt elementor-repeater-item-a45ab22 wpr-grid-item-display-block wpr-grid-item-align-left\"><div class=\"inner-block\"><p>Communiqu\u00e9 : Bourse pour \u00e9tudiants en sciences religieuses et professeurs de religion catholique\u00a0 La Fondation Darchis s\u2019ouvre aux \u00e9tudiants la\u00efcs\u2026<\/p><\/div><\/div><\/div><\/div><\/article><\/section><div class=\"wpr-grid-pagination elementor-clearfix wpr-grid-pagination-load-more\"><a href=\"https:\/\/fondationlambertdarchis.com\/index.php?rest_route=%2Fwp%2Fv2%2Fpages%2F8&#038;paged=2\" class=\"wpr-load-more-btn\" data-e-disable-page-transition >Load More<\/a><div class=\"wpr-pagination-loading\"><div class=\"wpr-double-bounce\"><div class=\"wpr-child wpr-double-bounce1\"><\/div><div class=\"wpr-child wpr-double-bounce2\"><\/div><\/div><\/div><p class=\"wpr-pagination-finish\">End of Content.<\/p><\/div>\t\t<\/div>\n\t\t\t\t<\/div>\n\t\t\t\t\t<\/div>\n\t\t\t\t<\/div>\n\t\t\t\t<\/div>\n\t\t","protected":false},"excerpt":{"rendered":"<p>\u00a0 La fondation Lambert Darchis a pour objet la distribution de bourses \u00e0 des jeunes gens issus de la province de Li\u00e8ge et d\u00e9sirant parfaire leur formation artistique ou religieuse \u00e0 Rome par des \u00e9tudes poursuivies dans les institutions de cette ville ou par des recherches et des travaux personnels. \u00a0 \u00a0 Derniers Articles All Posts Non class\u00e9 Lors du Conseil des Proviseurs du 14 aout 2021, le Pr\u00e9sident de la Fondation,l\u2019Abb\u00e9 Alphonse Borras, a tenu \u00e0 remercier\u2026 Communiqu\u00e9 : Bourse pour \u00e9tudiants en sciences religieuses et professeurs de religion catholique Communiqu\u00e9 : Bourse pour \u00e9tudiants en sciences religieuses et professeurs de religion catholique\u00a0 La Fondation Darchis s\u2019ouvre aux \u00e9tudiants la\u00efcs\u2026 M\u00e9daille de St Lambert remise au R.P. Hugo Vanermen, mSC. par le dioc\u00e8se de Li\u00e8ge. L\u2019institution de cette distinction dioc\u00e9saine est due \u00e0 Mgr Kerkhofs le 25 avril 1939. Il s\u2019agit d\u2019une distinction honorifique d\u00e9cern\u00e9e\u2026<\/p>\n","protected":false},"author":1,"featured_media":0,"parent":0,"menu_order":0,"comment_status":"closed","ping_status":"closed","template":"","meta":{"footnotes":""},"class_list":["post-8","page","type-page","status-publish","hentry"],"_links":{"self":[{"href":"https:\/\/fondationlambertdarchis.com\/index.php?rest_route=\/wp\/v2\/pages\/8","targetHints":{"allow":["GET"]}}],"collection":[{"href":"https:\/\/fondationlambertdarchis.com\/index.php?rest_route=\/wp\/v2\/pages"}],"about":[{"href":"https:\/\/fondationlambertdarchis.com\/index.php?rest_route=\/wp\/v2\/types\/page"}],"author":[{"embeddable":true,"href":"https:\/\/fondationlambertdarchis.com\/index.php?rest_route=\/wp\/v2\/users\/1"}],"replies":[{"embeddable":true,"href":"https:\/\/fondationlambertdarchis.com\/index.php?rest_route=%2Fwp%2Fv2%2Fcomments&post=8"}],"version-history":[{"count":38,"href":"https:\/\/fondationlambertdarchis.com\/index.php?rest_route=\/wp\/v2\/pages\/8\/revisions"}],"predecessor-version":[{"id":204,"href":"https:\/\/fondationlambertdarchis.com\/index.php?rest_route=\/wp\/v2\/pages\/8\/revisions\/204"}],"wp:attachment":[{"href":"https:\/\/fondationlambertdarchis.com\/index.php?rest_route=%2Fwp%2Fv2%2Fmedia&parent=8"}],"curies":[{"name":"wp","href":"https:\/\/api.w.org\/{rel}","templated":true}]}}